{"id":731,"date":"2011-03-02T20:58:49","date_gmt":"2011-03-02T20:58:49","guid":{"rendered":"https:\/\/www.wsihosts.com\/caacq\/"},"modified":"2020-04-09T11:38:42","modified_gmt":"2020-04-09T15:38:42","slug":"nous-joindre","status":"publish","type":"page","link":"https:\/\/www.caacq.ca\/index.php\/nous-joindre\/","title":{"rendered":"Nous joindre"},"content":{"rendered":"<div style=\"float:left;font-family:Arial, Helvetica, sans-serif;font-size:14px;color:#45402C;\">\n<p style=\"font-size:20px;font-weight:bold;\">caacQ<\/p>\n<p>50 boul. St-Charles<br \/>\nP.O Box 26760<br \/>\nBeaconsfield, QC<br \/>\nH9W 6G7<br \/>\n<br \/>\n<strong style=\"color:red;\">* prendre note cette <br \/>adresse est un casier postale<\/strong><\/p>\n<p><script language=\"JavaScript\">sneaky(\"ca\", \"caacq\", \"info\");<\/script><\/p>\n<\/div>\n<div style=\"float: right; padding-right: 140px;\"><img loading=\"lazy\" decoding=\"async\" title=\"caacQ\" src=\"\/wp-content\/uploads\/2010\/12\/contact-us-cherie.jpg\" alt=\"Caacq\" width=\"224\" height=\"265\" \/><\/p>\n<p style=\"font-family: Arial, Helvetica, sans-serif; font-size: 18px; color: #9e1d21;text-align:center;\">\u201cCh\u00e9rie, rescap\u00e9e d&#8217;une <br \/>usine \u00e0 chiots\u201d<\/p>\n<\/div>\n<div style=\"clear: both;\"><\/div>\n<p><script type=\"text\/javascript\" src=\"https:\/\/form.jotformpro.com\/jsform\/43554378098972\"><\/script><\/p>\n","protected":false},"excerpt":{"rendered":"<p>caacQ 50 boul. St-Charles P.O Box 26760 Beaconsfield, QC H9W 6G7 * prendre note cette adresse est un casier postale \u201cCh\u00e9rie, rescap\u00e9e d&#8217;une usine \u00e0 chiots\u201d<\/p>\n","protected":false},"author":2,"featured_media":816,"parent":0,"menu_order":0,"comment_status":"closed","ping_status":"closed","template":"fr-page.php","meta":{"footnotes":""},"class_list":["post-731","page","type-page","status-publish","has-post-thumbnail","hentry"],"aioseo_notices":[],"_links":{"self":[{"href":"https:\/\/www.caacq.ca\/index.php\/wp-json\/wp\/v2\/pages\/731","targetHints":{"allow":["GET"]}}],"collection":[{"href":"https:\/\/www.caacq.ca\/index.php\/wp-json\/wp\/v2\/pages"}],"about":[{"href":"https:\/\/www.caacq.ca\/index.php\/wp-json\/wp\/v2\/types\/page"}],"author":[{"embeddable":true,"href":"https:\/\/www.caacq.ca\/index.php\/wp-json\/wp\/v2\/users\/2"}],"replies":[{"embeddable":true,"href":"https:\/\/www.caacq.ca\/index.php\/wp-json\/wp\/v2\/comments?post=731"}],"version-history":[{"count":6,"href":"https:\/\/www.caacq.ca\/index.php\/wp-json\/wp\/v2\/pages\/731\/revisions"}],"predecessor-version":[{"id":2092,"href":"https:\/\/www.caacq.ca\/index.php\/wp-json\/wp\/v2\/pages\/731\/revisions\/2092"}],"wp:featuredmedia":[{"embeddable":true,"href":"https:\/\/www.caacq.ca\/index.php\/wp-json\/wp\/v2\/media\/816"}],"wp:attachment":[{"href":"https:\/\/www.caacq.ca\/index.php\/wp-json\/wp\/v2\/media?parent=731"}],"curies":[{"name":"wp","href":"https:\/\/api.w.org\/{rel}","templated":true}]}}