{"id":73,"date":"2011-01-03T15:55:18","date_gmt":"2011-01-03T15:55:18","guid":{"rendered":"https:\/\/www.wsihosts.com\/caacq\/"},"modified":"2018-04-26T10:48:18","modified_gmt":"2018-04-26T14:48:18","slug":"accueil","status":"publish","type":"page","link":"https:\/\/www.caacq.ca\/","title":{"rendered":"Accueil"},"content":{"rendered":"<h2 style=\"color: #9e1d21; font-family: Arial, Helvetica, sans-serif; padding-top: 15px;\">Nos Objectifs<\/h2>\n<ul style=\"color: #45402c; font-size: 14px; font-family: Arial, Helvetica, sans-serif; padding-right: 10px;\">\n<li><strong>Encourager<\/strong> les municipalit\u00e9s et le gouvernement provincial \u00e0 mettre en application des lois plus strictes concernant le bien-\u00eatre des animaux.<\/li>\n<li><strong>St\u00e9rilisation et micropucage :<\/strong> \u00e9duquer le public sur l\u2019importance de la st\u00e9rilisation et de l\u2019identification permanente des animaux de compagnie.<\/li>\n<li><strong>L\u2019option adoption :<\/strong> faciliter et promouvoir l\u2019adoption des chats et chiens et la garde responsable des animaux.<\/li>\n<li><strong>Innover :<\/strong> trouver et d\u00e9ployer des id\u00e9es et projets nouveaux qui permettent de faire entrer et accepter les animaux de compagnie au sein du quotidien des Qu\u00e9b\u00e9cois.<\/li>\n<li><strong>Appui<\/strong> aupr\u00e8s des membres des caacQ en \u00e9tablissant de nouvelles politiques et en am\u00e9liorant les pratiques existantes.<\/li>\n<\/ul>\n<p><a href=\"https:\/\/www.caacq.ca\/wp-content\/uploads\/2011\/01\/streriliser-cest-loption.jpg\"><img loading=\"lazy\" decoding=\"async\" src=\"https:\/\/www.caacq.ca\/wp-content\/uploads\/2011\/01\/streriliser-cest-loption-1024x356.jpg\" alt=\"\" title=\"streriliser-cest-loption\" width=\"550\" height=\"192\" style=\" padding-left: 20px; padding-top: 30px;\" class=\"alignnone size-large wp-image-1288\" srcset=\"https:\/\/www.caacq.ca\/wp-content\/uploads\/2011\/01\/streriliser-cest-loption-1024x356.jpg 1024w, https:\/\/www.caacq.ca\/wp-content\/uploads\/2011\/01\/streriliser-cest-loption-300x104.jpg 300w, https:\/\/www.caacq.ca\/wp-content\/uploads\/2011\/01\/streriliser-cest-loption.jpg 1435w\" sizes=\"auto, (max-width: 550px) 100vw, 550px\" \/><\/a><\/p>\n","protected":false},"excerpt":{"rendered":"<p>Nos Objectifs Encourager les municipalit\u00e9s et le gouvernement provincial \u00e0 mettre en application des lois plus strictes concernant le bien-\u00eatre des animaux. St\u00e9rilisation et micropucage : \u00e9duquer le public sur l\u2019importance de la st\u00e9rilisation et de l\u2019identification permanente des animaux &hellip; <a href=\"https:\/\/www.caacq.ca\/\">Continue reading <span class=\"meta-nav\">&rarr;<\/span><\/a><\/p>\n","protected":false},"author":2,"featured_media":0,"parent":0,"menu_order":0,"comment_status":"closed","ping_status":"closed","template":"accueil-page.php","meta":{"footnotes":""},"class_list":["post-73","page","type-page","status-publish","hentry"],"aioseo_notices":[],"_links":{"self":[{"href":"https:\/\/www.caacq.ca\/index.php\/wp-json\/wp\/v2\/pages\/73","targetHints":{"allow":["GET"]}}],"collection":[{"href":"https:\/\/www.caacq.ca\/index.php\/wp-json\/wp\/v2\/pages"}],"about":[{"href":"https:\/\/www.caacq.ca\/index.php\/wp-json\/wp\/v2\/types\/page"}],"author":[{"embeddable":true,"href":"https:\/\/www.caacq.ca\/index.php\/wp-json\/wp\/v2\/users\/2"}],"replies":[{"embeddable":true,"href":"https:\/\/www.caacq.ca\/index.php\/wp-json\/wp\/v2\/comments?post=73"}],"version-history":[{"count":6,"href":"https:\/\/www.caacq.ca\/index.php\/wp-json\/wp\/v2\/pages\/73\/revisions"}],"predecessor-version":[{"id":2040,"href":"https:\/\/www.caacq.ca\/index.php\/wp-json\/wp\/v2\/pages\/73\/revisions\/2040"}],"wp:attachment":[{"href":"https:\/\/www.caacq.ca\/index.php\/wp-json\/wp\/v2\/media?parent=73"}],"curies":[{"name":"wp","href":"https:\/\/api.w.org\/{rel}","templated":true}]}}