{"id":726,"date":"2011-03-02T20:57:06","date_gmt":"2011-03-02T20:57:06","guid":{"rendered":"https:\/\/www.wsihosts.com\/caacq\/"},"modified":"2020-04-29T11:10:29","modified_gmt":"2020-04-29T15:10:29","slug":"fr-french-connection","status":"publish","type":"page","link":"https:\/\/www.caacq.ca\/index.php\/fr-french-connection\/","title":{"rendered":"le French Connection"},"content":{"rendered":"<p>&nbsp;<\/p>\n<p><img loading=\"lazy\" decoding=\"async\" title=\"french-connection-logo\" src=\"\/wp-content\/uploads\/2010\/12\/french-connection-logo.png\" alt=\"french connection\" width=\"255\" height=\"150\" \/><\/p>\n<p>&nbsp;<\/p>\n<h2 style=\"color: #9e1d21; font-family: Arial, Helvetica, sans-serif;\">Le French Connection<\/h2>\n<div style=\"background: #cdc5a0; padding: 10px; margin-bottom: 10px; font-size: 12px;\">\n<p>Les caacQ ont pour mission de trouver des solutions au probl\u00e8me toujours croissant des chiens abandonn\u00e9 au Qu\u00e9bec. La mise \u00e0 mort n\u2019est plus un moyen acceptable de pallier le probl\u00e8me d\u2019animaux sans foyers. Les caacQ ont cr\u00e9\u00e9 une solution : le transfert de chiens sans foyer vers les services d\u2019adoptions de Toronto tel que la Toronto Humane Society et Toronto Animal Services South et d\u2019autres partenaires Ontarien.<\/p>\n<p>Le projet Le French Connection a \u00e9t\u00e9 mis sur pied en mai 2008 et nous sommes fiers de rapporter qu\u2019entre le 1er mai 2008 et le 31 d\u00e9cembre 2011, plus de 1,300 \u00ab chiens francophones \u00bb ont trouv\u00e9 un nouveau foyer \u00e0 Toronto.<\/p>\n<p>Au printemps 2011 la SPCA de Val d\u2019or \u00e0 opter pour le programme French Connection, ainsi une grande majorit\u00e9 de chiens qui auraient \u00e9t\u00e9 c\u00e9duler a une mise \u00e0 mort sont choy\u00e9s par leurs gardiens Torontois.<\/p>\n<p>Un don pour le projet French Connection permettra de sauver d\u2019autres vies.<\/p>\n<\/div>\n<div>\n<p style=\"color: #45402c; font-size: 14px; font-family: Arial, Helvetica, sans-serif;\">* Le cout moyen d\u2019un transport est d\u2019environ $550.00 par trajet ; location de la fourgonnette utilitaire, frais de kilom\u00e9trage, essence, assurance. Nous pouvons transf\u00e9rer en moyenne 10 \u00e0 17 chiens. Nous voulons remercier la compagnie Rolf C. Hagen de sa grande g\u00e9n\u00e9rosit\u00e9 pour le don de cages de transport. Ces cages assurent \u00e0 nos \u00ab passagers \u00bb un voyage confortable et s\u00e9curitaire.<\/p>\n<div id=\"attachment_1399\" style=\"width: 310px\" class=\"wp-caption alignright\"><a href=\"https:\/\/fr.nutrience.ca\/\" target=\"_blank\" rel=\"noopener noreferrer\"><img loading=\"lazy\" decoding=\"async\" aria-describedby=\"caption-attachment-1399\" class=\"size-medium wp-image-1399 \" title=\"Nutrience\" src=\"https:\/\/www.caacq.ca\/wp-content\/uploads\/2013\/06\/nutrience_logofr.jpg\" alt=\"Nutrience\" width=\"300\" height=\"83\" \/><\/a><p id=\"caption-attachment-1399\" class=\"wp-caption-text\">Nutrience<\/p><\/div>\n<p style=\"padding-left: 190px; padding-top: 5px;\"><a href=\"\/faire-un-don\/ \"><\/a><\/p>\n<\/div>\n<h3>Une autoroute de l&#8217;espoir.<\/h3>\n<p><iframe loading=\"lazy\" src=\"https:\/\/www.youtube.com\/embed\/Q2SeB164oYU?rel=0\" width=\"560\" height=\"315\" frameborder=\"0\" allowfullscreen=\"allowfullscreen\"><\/iframe><\/p>\n<h3>Transfert de chiens abandonn\u00e9s du Qu\u00e9bec voyagent par avion vers Toronto.<\/h3>\n<p>&nbsp;<\/p>\n<p><!-- <img decoding=\"async\" src=\"\/wp-content\/themes\/caacq\/images\/caacq-chart-fr-1.jpg\" alt=\"\" \/> --><\/p>\n<p><!-- \n\n<hr \/>\n\n --><\/p>\n<p><!-- <img decoding=\"async\" src=\"\/wp-content\/themes\/caacq\/images\/caacq-chart-fr-2.jpg\" alt=\"\" \/> --><\/p>\n<p><!-- \n\n<hr \/>\n\n --><\/p>\n<p><!-- <img decoding=\"async\" src=\"\/wp-content\/themes\/caacq\/images\/caacq-chart-fr-3.jpg\" alt=\"\" \/> --><\/p>\n<p><!-- \n\n<hr \/>\n\n --><\/p>\n<p><!-- <img decoding=\"async\" src=\"\/wp-content\/themes\/caacq\/images\/caacq-chart-fr-4.jpg\" alt=\"\" \/> --><\/p>\n<p><!-- \n\n<hr \/>\n\n --><\/p>\n<p><!-- <img decoding=\"async\" src=\"\/wp-content\/themes\/caacq\/images\/caacq-chart-fr-5.jpg\" alt=\"\" \/> --><\/p>\n","protected":false},"excerpt":{"rendered":"<p>&nbsp; &nbsp; Le French Connection Les caacQ ont pour mission de trouver des solutions au probl\u00e8me toujours croissant des chiens abandonn\u00e9 au Qu\u00e9bec. La mise \u00e0 mort n\u2019est plus un moyen acceptable de pallier le probl\u00e8me d\u2019animaux sans foyers. Les &hellip; <a href=\"https:\/\/www.caacq.ca\/index.php\/fr-french-connection\/\">Continue reading <span class=\"meta-nav\">&rarr;<\/span><\/a><\/p>\n","protected":false},"author":2,"featured_media":814,"parent":0,"menu_order":0,"comment_status":"closed","ping_status":"closed","template":"fr-french-connection.php","meta":{"footnotes":""},"class_list":["post-726","page","type-page","status-publish","has-post-thumbnail","hentry"],"aioseo_notices":[],"_links":{"self":[{"href":"https:\/\/www.caacq.ca\/index.php\/wp-json\/wp\/v2\/pages\/726","targetHints":{"allow":["GET"]}}],"collection":[{"href":"https:\/\/www.caacq.ca\/index.php\/wp-json\/wp\/v2\/pages"}],"about":[{"href":"https:\/\/www.caacq.ca\/index.php\/wp-json\/wp\/v2\/types\/page"}],"author":[{"embeddable":true,"href":"https:\/\/www.caacq.ca\/index.php\/wp-json\/wp\/v2\/users\/2"}],"replies":[{"embeddable":true,"href":"https:\/\/www.caacq.ca\/index.php\/wp-json\/wp\/v2\/comments?post=726"}],"version-history":[{"count":6,"href":"https:\/\/www.caacq.ca\/index.php\/wp-json\/wp\/v2\/pages\/726\/revisions"}],"predecessor-version":[{"id":2157,"href":"https:\/\/www.caacq.ca\/index.php\/wp-json\/wp\/v2\/pages\/726\/revisions\/2157"}],"wp:featuredmedia":[{"embeddable":true,"href":"https:\/\/www.caacq.ca\/index.php\/wp-json\/wp\/v2\/media\/814"}],"wp:attachment":[{"href":"https:\/\/www.caacq.ca\/index.php\/wp-json\/wp\/v2\/media?parent=726"}],"curies":[{"name":"wp","href":"https:\/\/api.w.org\/{rel}","templated":true}]}}