{"id":724,"date":"2011-03-02T20:56:21","date_gmt":"2011-03-02T20:56:21","guid":{"rendered":"https:\/\/www.wsihosts.com\/caacq\/"},"modified":"2024-11-15T09:40:23","modified_gmt":"2024-11-15T14:40:23","slug":"actualite","status":"publish","type":"page","link":"https:\/\/www.caacq.ca\/index.php\/actualite\/","title":{"rendered":"Actualit\u00e9s"},"content":{"rendered":"<h1 style=\"color: #9e1d21; padding-bottom: 10px; font-size: 18px;\">Cliquez sur le lien pour lire l&#8217;article complet<\/h1>\n<h1 style=\"color: #9e1d21; font-size: 14px; font-weight: bold;\">Les frais v\u00e9t\u00e9rinaires augmentent plus que l\u2019inflation<\/h1>\n<p>le 18 d\u00e9cembre 2023<br \/>\nBon nombre de propri\u00e9taires d\u2019animaux se plaignent de factures de plus en plus \u00e9lev\u00e9es lorsque vient le temps de faire soigner leur animal de compagnie. Des donn\u00e9es compil\u00e9es par Le Devoir d\u00e9montrent qu\u2019ils n\u2019ont pas tort : la hausse des frais v\u00e9t\u00e9rinaires d\u00e9passe, dans bien des cas, le taux d\u2019inflation.<\/p>\n<p><a href=\"https:\/\/www.ledevoir.com\/societe\/consommation\/803996\/inflation-et-compagnons-frais-veterinaires-animaux-compagnie-augmentent-plus-inflation\" target=\"_blank\" rel=\"noopener\">Cliquez sur le lien pour lire l&#8217;article complet<\/a><\/p>\n<h1 style=\"color: #9e1d21; font-size: 14px; font-weight: bold;\">Pr\u00e9vention des morsures,<br \/>\n25 signes d&#8217;inconforts de la part du chien<\/h1>\n<p><iframe loading=\"lazy\" src=\"https:\/\/www.facebook.com\/plugins\/post.php?href=https%3A%2F%2Fwww.facebook.com%2Fjames.mclean.581%2Fposts%2Fpfbid0nahsgPkkbgbg39drMfkRtndsJPkvXZFPufShbVSmCxk74vef7RJMUJnFu9meUgeSl&#038;show_text=true&#038;width=500\" width=\"550\" height=\"550\" style=\"border:none;overflow:hidden\" scrolling=\"no\" frameborder=\"0\" allowfullscreen=\"true\" allow=\"autoplay; clipboard-write; encrypted-media; picture-in-picture; web-share\"><\/iframe><\/p>\n<h1 style=\"color: #9e1d21; font-size: 14px; font-weight: bold;\">VIE DE CHIEN, LES CENTRES<br \/>\nD\u2019ADOPTION ET JOHANNE TASS\u00c9 DU CAACQ<\/h1>\n<p>On fait le point sur la situation de l\u2019abandon des animaux de compagnie au Qu\u00e9bec.<\/p>\n<p><iframe loading=\"lazy\" src=\"https:\/\/www.youtube.com\/embed\/IkQwvHYvHDM\" width=\"550\" height=\"327\" frameborder=\"0\" allowfullscreen=\"allowfullscreen\"><\/iframe><\/p>\n<h1 style=\"color: #9e1d21; font-size: 14px; font-weight: bold;\">Premi\u00e8re comparution pour Hawk, le chien<br \/>\nd&#8217;assistance aux victimes de la police de Calgary<\/h1>\n<p><a href=\"https:\/\/ici.radio-canada.ca\/regions\/alberta\/2014\/12\/02\/007-chien-hawk-temoigner-agression-sexuelle-proces.shtml\" target=\"_blank\" rel=\"noopener\">Lire l\u2019article complet<\/a><\/p>\n<p>C&#8217;est une premi\u00e8re au pays. Un chien d&#8217;assistance aux victimes \u00e9tait pr\u00e9sent aupr\u00e8s d&#8217;une fillette \u00e0 Calgary pour l&#8217;encourager \u00e0 t\u00e9moigner. L&#8217;utilisation de chiens, qui se fait d\u00e9j\u00e0 aux \u00c9tats-Unis, pourrait se r\u00e9pandre au Canada.<\/p>\n<p><a href=\"https:\/\/ici.radio-canada.ca\/regions\/alberta\/2014\/12\/02\/007-chien-hawk-temoigner-agression-sexuelle-proces.shtml#top\" target=\"_blank\" rel=\"noopener\"><img loading=\"lazy\" decoding=\"async\" class=\"alignnone size-full wp-image-1800\" src=\"https:\/\/www.caacq.ca\/wp-content\/uploads\/2011\/03\/caacq_video.jpg\" alt=\"caacq_video\" width=\"550\" height=\"300\" srcset=\"https:\/\/www.caacq.ca\/wp-content\/uploads\/2011\/03\/caacq_video.jpg 550w, https:\/\/www.caacq.ca\/wp-content\/uploads\/2011\/03\/caacq_video-300x163.jpg 300w\" sizes=\"auto, (max-width: 550px) 100vw, 550px\" \/><\/a><\/p>\n<h1 style=\"color: #9e1d21; font-size: 14px; font-weight: bold;\">R\u00e9actions face \u00e0 l\u2019interdiction de garder un animal dans une maison, un logement ou un condominium<\/h1>\n<p><strong>Par Me Jean Turgeon LL.L, LL.M., LL.D., avocat, Professeur agr\u00e9g\u00e9, Facult\u00e9 de Droit, Universit\u00e9 Laval<\/strong><br \/>\nUne clause de votre contrat d\u2019habitation (bail ou condo) vous interdit de garder des animaux avec vous.Devez-vous obligatoirement respecter cette clause et vous d\u00e9partir de votre chat, de votre chien ou d\u2019un autre animal?<\/p>\n<p><a href=\"https:\/\/www.caacq.ca\/wp-content\/uploads\/pdfs\/jean-turgeon-animaux-en-appart-2010-avec-autorisation.pdf\" target=\"_blank\" rel=\"noopener\">Lire l\u2019article complet<\/a><\/p>\n<h3>Unit\u00e9 mobile de st\u00e9rilisation de la ASPCA de New York,<br \/>\nallocution du maire Vaillancourt.<\/h3>\n<p><iframe loading=\"lazy\" title=\"YouTube video player\" src=\"https:\/\/www.youtube.com\/embed\/5ecb7D1nhXw?rel=0\" width=\"550\" height=\"320\" frameborder=\"0\"><\/iframe><\/p>\n<h3>L&#8217;adoption c&#8217;est l&#8217;option!<\/h3>\n<p><iframe loading=\"lazy\" title=\"YouTube video player\" src=\"https:\/\/www.youtube.com\/embed\/zB6x03l1QIg?rel=0\" width=\"550\" height=\"320\" frameborder=\"0\"><\/iframe><br \/>\n<em>Merci \u00e0 Ingrid Falaise et Noemi Yelle<\/em><\/p>\n<h1 style=\"color: #9e1d21; padding-bottom: 10px; font-size: 18px;\">Cliquez sur le lien pour lire l&#8217;article complet<\/h1>\n<p>&nbsp;<\/p>\n<div style=\"height: 150px;\">\n<div style=\"float: left; padding: 0px 15px 25px 0px;\"><img loading=\"lazy\" decoding=\"async\" style=\"border-style: solid; padding: 2px; border-width: 1px;\" title=\"Guide Application\" src=\"\/wp-content\/uploads\/2011\/03\/guide.jpg\" alt=\"Application Guide\" width=\"100\" height=\"100\" \/><\/div>\n<p><a style=\"text-decoration: none; color: #9e1d21; font-size: 14px; font-weight: bold;\" href=\"\/wp-content\/uploads\/2024\/11\/2024-application_reglement_bien_etre_animaux_MAPAQ.pdf\" target=\"_blank\" rel=\"noopener\">Guide d&#8217;application<\/a><br \/>\n<strong>R\u00e8glement concernant la s\u00e9curit\u00e9 et le bien-\u00eatre des chats et des chiens<\/strong><br \/>\n<a href=\"\/wp-content\/uploads\/2024\/11\/2024-application_reglement_bien_etre_animaux_MAPAQ.pdf\" target=\"_blank\" rel=\"noopener\">Cliquez ici pour lire le document<\/a>\n<\/div>\n<p>&nbsp;<\/p>\n<div style=\"height: 150px;\">\n<div style=\"float: left; padding: 0px 15px 25px 0px;\"><img loading=\"lazy\" decoding=\"async\" style=\"border-style: solid; bordercolor: #000; padding: 2px; border-width: 1px;\" title=\"SPA\" src=\"\/wp-content\/themes\/caacq\/images\/paw-print.jpg\" alt=\"\" width=\"100\" height=\"100\" \/><\/div>\n<p><a style=\"text-decoration: none; color: #9e1d21; font-size: 14px; font-weight: bold;\" href=\"\/wp-content\/uploads\/pdfs\/jean-turgeon-animaux-en-appart-2010-avec-autorisation.pdf\" target=\"_blank\" rel=\"noopener\">R\u00e9actions face \u00e0 l\u2019interdiction de garder un animal dans une maison, un logement ou un condominium<\/a><br \/>\n<strong>Par Me Jean Turgeon LL.L, LL.M., LL.D., avocat, Professeur agr\u00e9g\u00e9, Facult\u00e9 de Droit, Universit\u00e9 Laval<\/strong><br \/>\nUne clause de votre contrat d\u2019habitation (bail ou condo) vous interdit de garder des animaux avec vous.Devez-vous obligatoirement respecter cette clause et vous d\u00e9partir de votre chat, de votre chien ou d\u2019un autre animal?<br \/>\n<a href=\"\/wp-content\/uploads\/pdfs\/jean-turgeon-animaux-en-appart-2010-avec-autorisation.pdf\" target=\"_blank\" rel=\"noopener\">Lire l&#8217;article complet<\/a><\/p>\n<\/div>\n<p>&nbsp;<\/p>\n<div style=\"height: 150px;\">\n<div style=\"float: left; padding: 0px 15px 25px 0px;\"><img loading=\"lazy\" decoding=\"async\" style=\"border-style: solid; bordercolor: #000; padding: 2px; border-width: 1px;\" title=\"SPA\" src=\"https:\/\/www.caacq.ca\/wp-content\/uploads\/2012\/01\/toronto.jpg\" alt=\"\" width=\"100\" height=\"100\" \/><\/div>\n<p><a style=\"text-decoration: none; color: #9e1d21; font-size: 14px; font-weight: bold;\" href=\"https:\/\/www.caacq.ca\/wp-content\/uploads\/2012\/01\/FRENCH_CONNECTION_16_JANVIER_2012.doc\" target=\"_blank\" rel=\"noopener\">331 chiens qu\u00e9b\u00e9cois export\u00e9s \u00e0 Toronto, une ann\u00e9e record!<\/a><br \/>\nDepuis 2008 le programme d\u2019exportations des chiens abandonn\u00e9s du Qu\u00e9bec vers des familles Torontoises, a connu sa plus grande popularit\u00e9 en 2011.<br \/>\n<a href=\"https:\/\/www.caacq.ca\/wp-content\/uploads\/2012\/01\/FRENCH_CONNECTION_16_JANVIER_2012.doc\" target=\"_blank\" rel=\"noopener\">Cliquez ici pour lire le document<\/a><\/p>\n<\/div>\n<div style=\"height: 150px;\">\n<div style=\"float: left; padding: 0px 15px 25px 0px;\"><img loading=\"lazy\" decoding=\"async\" style=\"border-style: solid; bordercolor: #000; padding: 2px; border-width: 1px;\" title=\"dog-car\" src=\"https:\/\/www.caacq.ca\/wp-content\/uploads\/2011\/03\/dog-car.jpg\" alt=\"\" width=\"100\" height=\"100\" \/><\/div>\n<p><a style=\"text-decoration: none; color: #9e1d21; font-size: 14px; font-weight: bold;\" href=\"\/wp-content\/uploads\/pdfs\/coup-de-chaleur-francais.pdf\" target=\"_blank\" rel=\"noopener\">Ne faites pas cuire votre chien!<\/a><br \/>\nLe 25 juillet, 2011<br \/>\nDes chiens meurent chaque ete meme fenetres entre-ouvertes, en quelques minutes une voiture se transforme en cercueill.<\/p>\n<p><a href=\"\/wp-content\/uploads\/pdfs\/coup-de-chaleur-francais.pdf\" target=\"_blank\" rel=\"noopener\">Cliquez ici pour lire le document<\/a><\/p>\n<\/div>\n","protected":false},"excerpt":{"rendered":"<p>Cliquez sur le lien pour lire l&#8217;article complet Les frais v\u00e9t\u00e9rinaires augmentent plus que l\u2019inflation le 18 d\u00e9cembre 2023 Bon nombre de propri\u00e9taires d\u2019animaux se plaignent de factures de plus en plus \u00e9lev\u00e9es lorsque vient le temps de faire soigner &hellip; <a href=\"https:\/\/www.caacq.ca\/index.php\/actualite\/\">Continue reading <span class=\"meta-nav\">&rarr;<\/span><\/a><\/p>\n","protected":false},"author":2,"featured_media":813,"parent":0,"menu_order":0,"comment_status":"closed","ping_status":"closed","template":"fr-page.php","meta":{"footnotes":""},"class_list":["post-724","page","type-page","status-publish","has-post-thumbnail","hentry"],"aioseo_notices":[],"_links":{"self":[{"href":"https:\/\/www.caacq.ca\/index.php\/wp-json\/wp\/v2\/pages\/724","targetHints":{"allow":["GET"]}}],"collection":[{"href":"https:\/\/www.caacq.ca\/index.php\/wp-json\/wp\/v2\/pages"}],"about":[{"href":"https:\/\/www.caacq.ca\/index.php\/wp-json\/wp\/v2\/types\/page"}],"author":[{"embeddable":true,"href":"https:\/\/www.caacq.ca\/index.php\/wp-json\/wp\/v2\/users\/2"}],"replies":[{"embeddable":true,"href":"https:\/\/www.caacq.ca\/index.php\/wp-json\/wp\/v2\/comments?post=724"}],"version-history":[{"count":9,"href":"https:\/\/www.caacq.ca\/index.php\/wp-json\/wp\/v2\/pages\/724\/revisions"}],"predecessor-version":[{"id":2283,"href":"https:\/\/www.caacq.ca\/index.php\/wp-json\/wp\/v2\/pages\/724\/revisions\/2283"}],"wp:featuredmedia":[{"embeddable":true,"href":"https:\/\/www.caacq.ca\/index.php\/wp-json\/wp\/v2\/media\/813"}],"wp:attachment":[{"href":"https:\/\/www.caacq.ca\/index.php\/wp-json\/wp\/v2\/media?parent=724"}],"curies":[{"name":"wp","href":"https:\/\/api.w.org\/{rel}","templated":true}]}}