{"id":722,"date":"2011-03-02T20:55:48","date_gmt":"2011-03-02T20:55:48","guid":{"rendered":"https:\/\/www.wsihosts.com\/caacq\/"},"modified":"2026-02-13T09:21:15","modified_gmt":"2026-02-13T14:21:15","slug":"pourquoi-adopter","status":"publish","type":"page","link":"https:\/\/www.caacq.ca\/index.php\/pourquoi-adopter\/","title":{"rendered":"Pourquoi adopter"},"content":{"rendered":"<h1 style=\"color: #9e1d21; font-family: Arial, Helvetica, sans-serif;\">Les membres des caacQ<\/h1>\n<div style=\"float: left; width: 280px;\">\n<p><img loading=\"lazy\" decoding=\"async\" title=\"Animatch logo\" src=\"\/wp-content\/uploads\/2010\/12\/animatch-logo4.jpg\" alt=\"Animatch logo\" width=\"111\" height=\"92\" \/><\/p>\n<p style=\"font-size: 12px; padding-right: 20px;\"><span style=\"font-size: 16px; font-weight: bold;\">Animatch<\/span><br \/>\nOrganisme d\u2019adoption de chiens<br \/>\n<strong style=\"color: orange; font-size: 14px;\">Pour Adopter<\/strong> : <a style=\"font-size: 12px;\" href=\"https:\/\/www.animatch.ca\" target=\"_blank\" rel=\"noopener noreferrer\">www.animatch.ca<\/a><br \/>\n450.452.0321<\/p>\n<\/div>\n<div style=\"float: right; width: 290px;\">\n<p><img loading=\"lazy\" decoding=\"async\" title=\"Rosie Animal Adoption logo\" src=\"\/wp-content\/uploads\/2010\/12\/logo-rosie.png\" alt=\"rosie animal adoption\" width=\"90\" height=\"92\" \/><\/p>\n<p style=\"font-size: 12px; padding-left: 10px;\"><span style=\"font-size: 16px; font-weight: bold;\">Rosie Animal<br \/>\nAdoption<\/span><br \/>\nOrganisme d\u2019adoption de chiens<br \/>\n<strong style=\"color: orange; font-size: 14px;\">Pour Adopter<\/strong> : <a style=\"font-size: 12px;\" href=\"https:\/\/www.rosieanimaladoption.org\" target=\"_blank\" rel=\"noopener noreferrer\">www.rosieanimaladoption.org<\/a><\/p>\n<\/div>\n<div style=\"float: left; padding-top: 80px; width: 275px;\">\n<p><img loading=\"lazy\" decoding=\"async\" title=\"AMR Animal Adoption\" src=\"https:\/\/www.caacq.ca\/wp-content\/uploads\/2018\/01\/adopt_amr.png\" alt=\"AMR animal adoption\" width=\"90\" height=\"92\" \/><\/p>\n<p style=\"font-size: 12px; padding-left: 10px;\"><span style=\"font-size: 16px; font-weight: bold;\">SPCA ROUSSILLON<\/span><br \/>\nOrganisme d&#8217;adoption de chiens et de chats<br \/>\n<strong style=\"color: orange; font-size: 14px;\">Pour Adopter<\/strong> : <a style=\"font-size: 12px;\" href=\"https:\/\/www.refugeamr.com\" target=\"_blank\" rel=\"noopener noreferrer\">www.refugeamr.com<\/a><br \/>\n450.638.9698<\/p>\n<\/div>\n<div style=\"float: right; width: 290px; padding-top: 80px;\"><img loading=\"lazy\" decoding=\"async\" src=\"\/wp-content\/uploads\/2018\/05\/Logo_SPCA-VAL-D-OR-.jpg\" width=\"90\" height=\"92\" \/><\/p>\n<p style=\"font-size: 12px; padding-left: 10px;\"><span style=\"font-size: 16px; font-weight: bold;\">SPCA Val d&#8217;Or<\/span><br \/>\nOrganisme d&#8217;adoption de chiens et de chats<br \/>\n<strong style=\"color: orange; font-size: 14px;\">Pour Adopter<\/strong>: <a style=\"font-size: 12px;\" href=\"http:\/\/spcavaldor.org\" target=\"_blank\" rel=\"noopener noreferrer\">http:\/\/spcavaldor.org<\/a><br \/>\n819.825.7694, direction@spcavaldor.org<\/p>\n<\/div>\n<div style=\"text-align:left !important;float: left; padding-top: 80px; width: 275px;\"><img loading=\"lazy\" decoding=\"async\" src=\"https:\/\/www.caacq.ca\/wp-content\/uploads\/2026\/02\/service-animalier-valleyfield.webp\" width=\"150\" height=\"92\" \/><\/p>\n<p style=\"font-size: 12px; padding-left: 10px;text-align:left !important;\"><span style=\"font-size: 16px; font-weight: bold;\">Services animaliers de Salaberry-de-Valleyfield<\/span><br \/>\nOrganisme d&#8217;adoption de chiens et de chats<br \/>\n<strong style=\"color: orange; font-size: 14px;\">Pour Adopter<\/strong>: <a style=\"font-size: 12px;\" href=\"https:\/\/www.sasdv.ca\/\" target=\"_blank\" rel=\"noopener noreferrer\"><br \/>\n2555, boul. Monseigneur-Langlois, Salaberry-de-Valleyfield, QC J6S 5P7, 450-377-2428, https:\/\/www.sasdv.ca\/<\/a><\/p>\n<\/div>\n<p><!-- \n\n<div style=\"text-align:left !important;float: left; padding-top: 80px; width: 275px;\"> --><\/p>\n<p><!-- <img loading=\"lazy\" decoding=\"async\" style=\"margin-left: 10px;\" title=\"AMR Animal Adoption\" src=\"https:\/\/www.caacq.ca\/wp-content\/uploads\/2018\/07\/spa-beauce-etchemin.jpg\" alt=\"\" width=\"90\" height=\"92\" \/> --><br \/>\n<!-- \n\n<p style=\"text-align: left !important;font-size: 12px; padding-left: 10px;\"><span style=\"font-size: 16px; font-weight: bold;\">SPA BEAUCE ETCHEMIN<\/span> --><br \/>\n<!-- Organisme d'adoption de chiens et de chats --><br \/>\n<!-- <strong style=\"color: orange; font-size: 14px;text-align:left;\">Pour Adopter<\/strong> : <a style=\"font-size: 12px;\" href=\"https:\/\/www.spabeauceetchemin.com\/\" target=\"_blank\" rel=\"noopener noreferrer\">https:\/\/www.spabeauceetchemin.com\/<\/a><\/span> --><br \/>\n<!-- 418.774.8803<\/p>\n\n --><\/p>\n<p><!-- <\/div>\n\n --><\/p>\n<h2 style=\"color: #9e1d21; padding-bottom: 10px; line-height: 28px;\">Pourquoi devrais-je adopter aupr\u00e8s d\u2019un membre des caacQ?<\/h2>\n<p>Les caacQ encouragent le public \u00e0 adopter un animal de compagnie aupr\u00e8s d\u2019un membre affili\u00e9 des caacQ. Ils vous aideront \u00e0 trouver l\u2019animal qui vous convient parfaitement. De plus, tous les animaux de nos centres d\u2019adoption sont st\u00e9rilis\u00e9s avant d\u2019\u00eatre adopt\u00e9s, une \u00e9tape essentielle pour contr\u00f4ler la population animale et r\u00e9duire le nombre d\u2019animaux de compagnie abandonn\u00e9s au Qu\u00e9bec<\/p>\n<ul style=\"color: #45402c; font-size: 14px; font-family: Arial, Helvetica, sans-serif; padding-right: 10px;\">\n<li>Tous les animaux sont <strong>examin\u00e9s<\/strong> par un v\u00e9t\u00e9rinaire et sont vaccin\u00e9s au besoin.<\/li>\n<li>Tous les membres affili\u00e9s des caacQ <strong>st\u00e9rilisent<\/strong> leurs animaux de compagnie avant l\u2019adoption.<\/li>\n<li>Le temp\u00e9rament et le niveau d\u2019activit\u00e9 des chiens et des chats sont <strong>\u00e9valu\u00e9s.<\/strong><\/li>\n<li>Un processus de <strong>s\u00e9lection<\/strong> des gardiens potentiels est obligatoire.<\/li>\n<li>Certains membres des caacQ offrent une <strong>p\u00e9riode d\u2019essai et les animaux sont micro puc\u00e9s.<\/strong><\/li>\n<li>Les membres affili\u00e9s des caacQ offrent un <strong>soutien<\/strong> post-adoption pour aider lors de la p\u00e9riode de transition.<\/li>\n<li>Les membres des caacQ <strong>n\u2019imposent pas<\/strong> un temps limite pour les animaux adoptables.<\/li>\n<\/ul>\n<h1 style=\"color: #9e1d21; font-family: Arial, Helvetica, sans-serif; font-weight: bold; padding-top: 10px; text-align: center;\">Adoptez!<\/h1>\n<h2>Pourquoi ne dois-je pas acheter un animal de compagnie sur Internet?<\/h2>\n<p>La publicit\u00e9 sur Internet et les sites de petites annonces ont cr\u00e9\u00e9 un nouveau cr\u00e9neau pour les producteurs sans scrupules. Plusieurs producteurs sans aucune \u00e9thique utilisent ce nouveau moyen pour vendre directement au consommateur, \u00e9vitant les interm\u00e9diaires que sont les courtiers et les animaleries.<\/p>\n<p>Les usines \u00e0 chiots et les producteurs utilisent fr\u00e9quemment la publicit\u00e9 sur Internet et les sites de petites annonces.<\/p>\n<p>Les \u00e9leveurs responsables ne vendront pas leurs animaux par l\u2019interm\u00e9diaire d\u2019Internet ou des petites annonces.<\/p>\n<p>Soyez un acheteur averti!<br \/>\nPour en savoir davantage sur l\u2019\u00e9levage responsable et \u00e9thique contre la production qui n\u2019\u00e0 aucune \u00e9thique, visitez le sire de l\u2019Union pour le respect des animaux (UPRA)\u00a0<a href=\"http:\/\/www.upra.ca\/docum\/Les%20signes%20qui%20ne%20trompent%20pas.PDF\" target=\"_blank\" rel=\"noopener noreferrer\">cliquez ici.<\/a><\/p>\n<h2 style=\"line-height: 24px;\">Pourquoi ne dois-je pas acheter un animal de compagnie dans une animalerie?<\/h2>\n<div style=\"width: 150px; height: 200px; float: left; padding: 5px 5px 15px 5px;\"><img loading=\"lazy\" decoding=\"async\" class=\"alignnone size-full wp-image-1002\" title=\"kiva\" src=\"\/wp-content\/uploads\/2011\/03\/kiva.png\" alt=\"\" width=\"155\" height=\"169\" \/>St\u00e9phanie Lefebvre<\/div>\n<p>Au Qu\u00e9bec, plusieurs animaleries obtiennent leurs animaux d\u2019usines \u00e0 chiots, d\u2019usines \u00e0 chatons et de courtiers d\u2019animaux. Les courtiers et les propri\u00e9taires d\u2019usines \u00e0 chiots ne se pr\u00e9occupent absolument pas du pedigree, de la sant\u00e9 et du temp\u00e9rament de l\u2019animal. Des rapports indiquent qu\u2019il est plus probable que les animaux provenant d\u2019usines \u00e0 chiots ou chatons sont malades en raison d\u2019un manque de soins v\u00e9t\u00e9rinaires, de mauvaises pratiques d\u2019\u00e9levage et qu\u2019ils aient de troubles \u00e9motifs d\u00e9coulant d\u2019un manque de socialisation et de contact humain. Des milliers d\u2019animaux enferm\u00e9s dans des cages souffrent quotidiennement afin de r\u00e9pondre \u00e0 la demande des consommateurs cherchant \u00e0 acheter un animal de compagnie. Nous savons aussi que certaines animaleries ach\u00e8tent aupr\u00e8s d\u2019\u00e9leveurs improvis\u00e9s, aussi appel\u00e9s \u00ab producteurs de fond de cour \u00bb dans le but de projeter une meilleure image que celle d\u2019une usine \u00e0 chiots ou \u00e0 chatons.<\/p>\n<p>Les \u00e9leveurs responsables ne vendront pas leurs animaux de compagnie par l\u2019interm\u00e9diaire d\u2019animaleries car ils veulent rencontrer et interviewer personnellement la ou les personnes qui vont prendre soin de l\u2019animal.<\/p>\n<p>Pour en savoir davantage sur l\u2019\u00e9levage responsable et \u00e9thique vis-\u00e0-vis les producteurs qui n\u2019\u00e0 aucune \u00e9thique, visitez le site de l\u2019Union pour le respect des animaux (UPRA) <a href=\"http:\/\/www.upra.ca\/docum\/Tableau%20de%20comparaison.PDF\" target=\"_blank\" rel=\"noopener noreferrer\">cliquez ici.<\/a><\/p>\n<p>Les caacQ appuient les \u00e9leveurs responsables et \u00e9thiques.<\/p>\n<h2 style=\"line-height: 24px;\"><span style=\"line-height: 35px;\">Pourquoi dois-je st\u00e9riliser mon animal de compagnie?<\/span><\/h2>\n<p>Les animaux de compagnie st\u00e9rilis\u00e9s ont tendance, en moyenne, \u00e0 vivre 2 \u00e0 3 ans de plus que ceux qui ne le sont pas.<\/p>\n<p>La st\u00e9rilisation prot\u00e8ge les animaux de compagnie de certains types de cancers mortels.Un animal de compagnie st\u00e9rilis\u00e9 aura moins tendance \u00e0 s\u2019enfuir et \u00e0 se battre.<\/p>\n<p>Les chiens qui n\u2019ont PAS \u00e9t\u00e9 st\u00e9rilis\u00e9 sont trois fois plus susceptibles de mordre que les autres.<\/p>\n<p>Votre d\u00e9cision d\u2019\u00eatre proactif et de prendre l\u2019initiative de st\u00e9riliser votre animal de compagnie pr\u00e9viendra la mort et la souffrance de milliers d\u2019animaux qui ne sont pas encore n\u00e9s. Vos actes font une diff\u00e9rence!<\/p>\n<p>Vous n\u2019\u00eates pas convaincu que vous devriez st\u00e9riliser votre animal?<\/p>\n<p><a href=\"http:\/\/www.borntodiepets.com\/html\/video.htm\">Cliquez ici<\/a> pour voir la vid\u00e9o Born to Die. <strong>Pour public averti seulement.<\/strong><\/p>\n<p>Pour en savoir davantage sur la st\u00e9rilisation de la part de la Humane Society of the United States. <a href=\"http:\/\/www.humanesociety.org\/issues\/pet_overpopulation\/facts\/why_spay_neuter.html\">Cliquez ici.<\/a><\/p>\n","protected":false},"excerpt":{"rendered":"<p>Les membres des caacQ Animatch Organisme d\u2019adoption de chiens Pour Adopter : www.animatch.ca 450.452.0321 Rosie Animal Adoption Organisme d\u2019adoption de chiens Pour Adopter : www.rosieanimaladoption.org SPCA ROUSSILLON Organisme d&#8217;adoption de chiens et de chats Pour Adopter : www.refugeamr.com 450.638.9698 SPCA &hellip; <a href=\"https:\/\/www.caacq.ca\/index.php\/pourquoi-adopter\/\">Continue reading <span class=\"meta-nav\">&rarr;<\/span><\/a><\/p>\n","protected":false},"author":2,"featured_media":812,"parent":0,"menu_order":0,"comment_status":"closed","ping_status":"closed","template":"fr-page.php","meta":{"footnotes":""},"class_list":["post-722","page","type-page","status-publish","has-post-thumbnail","hentry"],"aioseo_notices":[],"_links":{"self":[{"href":"https:\/\/www.caacq.ca\/index.php\/wp-json\/wp\/v2\/pages\/722","targetHints":{"allow":["GET"]}}],"collection":[{"href":"https:\/\/www.caacq.ca\/index.php\/wp-json\/wp\/v2\/pages"}],"about":[{"href":"https:\/\/www.caacq.ca\/index.php\/wp-json\/wp\/v2\/types\/page"}],"author":[{"embeddable":true,"href":"https:\/\/www.caacq.ca\/index.php\/wp-json\/wp\/v2\/users\/2"}],"replies":[{"embeddable":true,"href":"https:\/\/www.caacq.ca\/index.php\/wp-json\/wp\/v2\/comments?post=722"}],"version-history":[{"count":9,"href":"https:\/\/www.caacq.ca\/index.php\/wp-json\/wp\/v2\/pages\/722\/revisions"}],"predecessor-version":[{"id":2304,"href":"https:\/\/www.caacq.ca\/index.php\/wp-json\/wp\/v2\/pages\/722\/revisions\/2304"}],"wp:featuredmedia":[{"embeddable":true,"href":"https:\/\/www.caacq.ca\/index.php\/wp-json\/wp\/v2\/media\/812"}],"wp:attachment":[{"href":"https:\/\/www.caacq.ca\/index.php\/wp-json\/wp\/v2\/media?parent=722"}],"curies":[{"name":"wp","href":"https:\/\/api.w.org\/{rel}","templated":true}]}}