{"id":2099,"date":"2020-04-17T10:02:10","date_gmt":"2020-04-17T14:02:10","guid":{"rendered":"https:\/\/www.caacq.ca\/?page_id=2099"},"modified":"2020-05-28T16:26:59","modified_gmt":"2020-05-28T20:26:59","slug":"solutions","status":"publish","type":"page","link":"https:\/\/www.caacq.ca\/index.php\/solutions\/","title":{"rendered":"Solutions"},"content":{"rendered":"<p>De mani\u00e8re g\u00e9n\u00e9rale, la caacQ et ses membres soutiennent les actions qui permettent de r\u00e9duire les abandons des animaux de compagnie, au premier rang desquelles se trouvent la st\u00e9rilisation et le micropu\u00e7age.<\/p>\n<p>Depuis 2008, la caacQ repr\u00e9sente ses membres aupr\u00e8s des instances gouvernementales tant au niveau municipal qu\u2019au niveau provincial. Au niveau municipal, elle assiste les \u00e9lus dans l\u2019\u00e9laboration des r\u00e8glements ou des cahiers des charges de leurs services animaliers. Au niveau provincial, elle si\u00e8ge au comit\u00e9 Strat\u00e9gie qu\u00e9b\u00e9coise de sant\u00e9 et de bien-\u00eatre des animaux ; elle a \u00e9galement remis et soutenu des m\u00e9moires en Commissions parlementaires pour les principaux projets de loi sur le bien-\u00eatre animal et les chiens dangereux.<\/p>\n<p>En plus de ses actions aupr\u00e8s des pouvoirs publics, la caacQ organise des activit\u00e9s avec les municipalit\u00e9s ou les MRC qui lui en font la demande. Elle est aussi \u00e0 l\u2019origine du programme Escouade C\u00e2line de YUL de l\u2019a\u00e9roport international Pierre-Elliott-Trudeau de Montr\u00e9al.<\/p>\n<h2><strong>UMS &#8211; UMU<\/strong><\/h2>\n<h2><strong>Unit\u00e9 mobile de st\u00e9rilisation et d\u2019urgence animale<\/strong><\/h2>\n<p><img decoding=\"async\" style=\"width: 100%;\" src=\"https:\/\/www.caacq.ca\/wp-content\/uploads\/2020\/04\/Cote-conducteur.jpg\" \/><\/p>\n<p>Depuis sa cr\u00e9ation en 2008, la caacQ travaille \u00e0 promouvoir et faire conna\u00eetre les meilleurs outils et proc\u00e9dures en mati\u00e8re de bien-\u00eatre animal. En 2011, sa fondatrice a crois\u00e9 le chemin d\u2019une unit\u00e9 mobile de st\u00e9rilisation, un v\u00e9hicule qui permet d\u2019aller \u00e0 la rencontre des plus d\u00e9munis. Aux \u00c9tats-Unis, une dizaine de ces v\u00e9hicules sillonne les rues de New-York, plus pr\u00e8s de nous, les villes de Toronto et d\u2019Ottawa en ont chacune un. Qu\u00e9bec \u00e9tait l\u2019une des provinces du Canada \u00e0 ne pas avoir un tel v\u00e9hicule.<\/p>\n<p><strong>Descriptif sommaire du v\u00e9hicule :<\/strong> Camion de marque Isuzu de 36 pieds dot\u00e9 d\u2019une carrosserie abritant une salle de chirurgie totalement \u00e9quip\u00e9e, une salle de pr\u00e9paration, 26 cages en acier inoxydable, de nombreux espaces de rangement, un syst\u00e8me d\u2019air conditionn\u00e9, un purificateur d\u2019air ambiant le tout aux normes v\u00e9t\u00e9rinaires. Une r\u00e9serve d\u2019eau et un groupe \u00e9lectrog\u00e8ne ind\u00e9pendant permettent \u00e0 ce v\u00e9hicule d\u2019\u00eatre totalement autonome.<\/p>\n<h3><strong>Objectifs<\/strong><\/h3>\n<ul>\n<li><strong>Aider les familles \u00e0 faible revenu <\/strong>\u00e0 \u00e9conomiser sur les frais v\u00e9t\u00e9rinaires (st\u00e9rilisation et micropu\u00e7age).<\/li>\n<li><strong>Assister les municipalit\u00e9s <\/strong>dans leurs luttes contre les nuisances occasionn\u00e9es par les colonies de chats communautaires (st\u00e9rilisation) et l\u2019abandon des animaux de compagnie (micropu\u00e7age).<\/li>\n<li><strong>Assister les autorit\u00e9s de la s\u00e9curit\u00e9 civile<\/strong> en cas d\u2019urgence ou de catastrophe mettant en p\u00e9ril la s\u00e9curit\u00e9 des animaux de compagnie.<\/li>\n<\/ul>\n<p>Les familles les plus d\u00e9munies se trouvent prises entre des co\u00fbts de st\u00e9rilisations \u00e9lev\u00e9s et l\u2019obligation de nourrir des port\u00e9es non d\u00e9sir\u00e9es, mettant en p\u00e9ril leurs budgets. Nombreuses sont les familles qui d\u00e9sirent micropuc\u00e9s leurs animaux afin de les retrouver plus facilement en cas de fugue mais les co\u00fbts les en dissuadent. L\u2019OMVQ a des dispositions r\u00e9glementaires pour aider ces familles. La majorit\u00e9 des municipalit\u00e9s du Qu\u00e9bec n\u2019a pu jusqu\u2019\u00e0 pr\u00e9sent b\u00e9n\u00e9ficier des ces dispositions par manque d\u2019infrastructures. La caacQ a re\u00e7u un camion-clinique v\u00e9t\u00e9rinaire en donation de la SPCA de New-York. En fin d\u2019ann\u00e9e 2019, le v\u00e9hicule a \u00e9t\u00e9 immatricul\u00e9 au Qu\u00e9bec. <strong>C\u2019est la premi\u00e8re unit\u00e9 mobile de st\u00e9rilisation autonome de la province.<\/strong><\/p>\n<p>Le ministre de l&#8217;Agriculture, des P\u00eacheries et de l&#8217;Alimentation du Qu\u00e9bec ainsi que plusieurs organismes et personnalit\u00e9s ont salu\u00e9 l\u2019initiative de la caacQ dans des lettres d\u2019appui au projet.<\/p>\n<p><img decoding=\"async\" src=\"\/wp-content\/themes\/caacq\/images\/make-donation-front-btn-fr.png\" alt=\"faire un don\" \/><\/p>\n<p><strong>Qu&#8217;elle soit utilis\u00e9e ou non, l&#8217;unit\u00e9 mobile nous co\u00fbte actuellement 45$ par jour<\/strong><\/p>\n<p>Vos dons nous permettent de l&#8217;entretenir.<\/p>\n<p>Des unit\u00e9s mobiles de st\u00e9rilisation sillonnent les routes nord-am\u00e9ricaines depuis plusieurs ann\u00e9es. La ville de New-York en compte une dizaine en op\u00e9ration. Ce sont des outils indispensables pour assurer le bien-\u00eatre des animaux de compagnie et s&#8217;assurer que toutes les familles, m\u00eame les plus d\u00e9munies ou les plus \u00e9loign\u00e9es, aient acc\u00e8s \u00e0 des soins v\u00e9t\u00e9rinaires.<\/p>\n<p>[wp1s id=&#8221;2111&#8243;]<\/p>\n<h2><strong>Escouade c\u00e2line de YUL Pet Squad<\/strong><\/h2>\n<p><img loading=\"lazy\" decoding=\"async\" class=\"alignnone\" src=\"https:\/\/www.caacq.ca\/wp-content\/uploads\/2020\/05\/YUL-Pet-Squad-2.jpg\" alt=\"\" style=\"width: 100%;\" width=\"640\" height=\"427\" \/><\/p>\n<p>L\u2019Escouade c\u00e2line de YUL fait aujourd\u2019hui partie du paysage de l\u2019a\u00e9roport international Pierre-Elliott-Trudeau de Montr\u00e9al. Ce projet est n\u00e9 en 2017 \u00e0 l\u2019initiative de la caacQ qui l\u2019a propos\u00e9 \u00e0 l\u2019\u00e9quipe dirigeante de l\u2019a\u00e9roport.<\/p>\n<p>Aujourd\u2019hui, ce sont plus de 50 b\u00e9n\u00e9voles et leurs chiens qui circulent au niveau des d\u00e9parts afin de rendre plus agr\u00e9able l\u2019attente des voyageurs. La mise en place de l\u2019Escouade c\u00e2line envoie un message fort aux passagers, l\u2019a\u00e9roport accueille l\u2019un des membres importants de beaucoup de familles, le chien.<\/p>\n<p>Ce projet tenait \u00e0 coeur \u00e0 la caacQ qui depuis 2008 multiplie les actions pour que l\u2019animal de compagnie soit le plus possible int\u00e9gr\u00e9 \u00e0 la vie sociale et familiale. Travailler \u00e0 diminuer les euthanasies non n\u00e9cessaires (celles effectu\u00e9es pour lib\u00e9rer de la place dans les refuges) c\u2019est aussi s\u2019assurer que l\u2019animal de compagnie trouve sa place au quotidien dans la soci\u00e9t\u00e9.<\/p>\n<p>Les r\u00e9actions des passagers ont \u00e9t\u00e9 tellement chaleureuses que le projet pilote qui devait durer 6 semaines a \u00e9t\u00e9 transform\u00e9 en projet officiel apr\u00e8s seulement deux semaines.<\/p>\n<p>Si vous d\u00e9sirez participer au programme, \u00e9crivez \u00e0 <a href=\"mailto:info@caacq.ca\">info@caacq.ca<\/a><\/p>\n<h2><strong>Micropu\u00e7age<\/strong><\/h2>\n<p><img loading=\"lazy\" decoding=\"async\" class=\"alignleft\" style=\"float: left; margin: 0 1em 1em 0;\" src=\"https:\/\/www.caacq.ca\/wp-content\/uploads\/2020\/04\/close_up_micropuce.jpg\" width=\"178\" height=\"179\" \/><\/p>\n<p>Le 29 septembre 2012, la caacQ organisait avec la Ville de Laval la premi\u00e8re implantation gratuite de micropuces dans les locaux de la mairie. Cette initiative sera suivie de beaucoup d\u2019autres, ce sont plus d\u2019une vingtaine de cliniques de micropu\u00e7age qui ont \u00e9t\u00e9 r\u00e9alis\u00e9es en collaboration avec des municipalit\u00e9s. Aujourd\u2019hui, encore, la caacQ continue \u00e0 travailler avec les municipalit\u00e9s qui lui en font la demande.<\/p>\n<p>&nbsp;<\/p>\n<div style=\"clear: both;\"><\/div>\n<p><strong>Pourquoi micropucer un animal ?<\/strong><\/p>\n<p>En janvier 2020, \u00e0 Montr\u00e9al et Laval, la micropuce est devenu obligatoire pour les animaux de compagnie. La micropuce est une mani\u00e8re simple et peu co\u00fbteuse d&#8217;identifier un animal de fa\u00e7on permanente. Pour le propri\u00e9taire ou le gardien de l&#8217;animal, c\u2019est l\u2019assurance que lorsque l\u2019animal sera retrouv\u00e9, il pourra \u00eatre pr\u00e9venu. Pour le service animalier municipal, c&#8217;est la certitude de pouvoir retracer le propri\u00e9taire du chien ou du chat trouv\u00e9 sur la voie publique.<\/p>\n<p><strong>Comment \u00e7a fonctionne ?<\/strong><\/p>\n<p>Le micropu\u00e7age se compose de deux \u00e9tapes :<\/p>\n<ul>\n<li>l\u2019implantation d\u2019une micropuce dans l&#8217;animal<\/li>\n<li>l\u2019enregistrement de vos coordonn\u00e9es dans une banque de donn\u00e9es.<\/li>\n<\/ul>\n<p>Un lecteur universel (scanner) permet de lire le num\u00e9ro (unique) de la micropuce. \u00c0 partir de ce num\u00e9ro, les services autoris\u00e9s (police, services animaliers municipaux, v\u00e9t\u00e9rinaires) peuvent consulter la base de donn\u00e9es o\u00f9 se trouvent stock\u00e9es les informations que vous avez indiqu\u00e9es lors de l&#8217;implantation de la micropuce. Vous pouvez \u00e0 tout moment modifier ces informations (adresse, num\u00e9ro de t\u00e9l\u00e9phone, etc).<\/p>\n<p>Beaucoup a d\u00e9j\u00e0 \u00e9t\u00e9 dit et \u00e9crit sur les micropuces. Les exemples de retrouvailles entre ma\u00eetre et animal sont nombreuses et les plus frappantes ont \u00e9t\u00e9 largement m\u00e9diatis\u00e9es.<\/p>\n<p>Quelques liens qui peuvent \u00eatre utiles<\/p>\n<p><a href=\"http:\/\/fr.canoe.ca\/artdevivre\/animal\/article1\/2011\/08\/05\/18515796.html\" target=\"_blank\" rel=\"noopener noreferrer\">Votre animal a-t-il sa micropuce ? par Annie Ross, docteure en m\u00e9decine v\u00e9t\u00e9rinaire &#8211; Cano\u00eb.ca<\/a><\/p>\n<p><a href=\"http:\/\/www.atsaq.org\/new\/uploads\/sitepdf\/VIE_DE_TSA_MARS_2012.pdf\" target=\"_blank\" rel=\"noopener noreferrer\">Identification par micropuces chez les animaux de compagnie Par Joanie Leclair, TSA certifi\u00e9e<\/a><\/p>\n<h3><a href=\"http:\/\/tva.canoe.ca\/emissions\/salutbonjour\/chroniques\/sbwe\/animal\/133961\/micropuce-tatouage-medailles-comment-ca-marche\" target=\"_blank\" rel=\"noopener noreferrer\">Micropuce, Tatouage, m\u00e9dailles: comment \u00e7a marche ? Par Jacinthe Bouchard &#8211; TVA<\/a><\/h3>\n<p><a href=\"http:\/\/www.courrierlaval.com\/Chroniques\/Les-Chroniques-DEvolution-Canine\/2012-10-17\/article-3101720\/Pour-proteger-son-animal,-rien-de-mieux-que-la-micropuce!\/1\" target=\"_blank\" rel=\"noopener noreferrer\">Pour prot\u00e9ger son animal, rien de mieux que la micropuce ! Par Isabelle Borremans \u00e9ducatrice canine MCP, L&#8217;\u00c9cho de Laval<\/a><\/p>\n<p><a href=\"http:\/\/fr.wikipedia.org\/wiki\/Puce_sous-cutan%C3%A9e\" target=\"_blank\" rel=\"noopener noreferrer\">Wikipedia &#8211; puce sous-cutan\u00e9e<\/a><\/p>\n<h2><strong>Journ\u00e9es d\u2019adoption<\/strong><\/h2>\n<p><img decoding=\"async\" style=\"width: 100%;\" src=\"https:\/\/www.caacq.ca\/wp-content\/uploads\/2020\/05\/ville-de-brossard-600.jpg\" \/><\/p>\n<p>Les journ\u00e9es d\u2019adoption se font \u00e0 la demande des villes et des municipalit\u00e9s. Elles sont g\u00e9n\u00e9ralement accompagn\u00e9es d\u2019une clinique de micropu\u00e7age. Le principe est simple : r\u00e9unir dans un m\u00eame lieu une quarantaine d\u2019associations ou de fournisseurs du domaine animalier pour permettre \u00e0 des familles de les rencontrer et poser toutes les questions qu\u2019elles d\u00e9sirent \u00e0 ces professionnels. Les chats peuvent g\u00e9n\u00e9ralement \u00eatre adopt\u00e9s sur place. Pour les chiens le processus de s\u00e9lection peut \u00eatre plus long.<\/p>\n<p>La caacQ se charge d\u2019inviter les professionnels et d\u2019organiser leur pr\u00e9sence. La municipalit\u00e9 met \u00e0 disposition un espace, par exemple une ar\u00e9na, et le personnel de soutien n\u00e9cessaire. Elle assure \u00e9galement la communication de l\u2019\u00e9v\u00e9nement aupr\u00e8s de sa population. L\u2019activit\u00e9 commence \u00e0 10h le matin pour se terminer en apr\u00e8s-midi vers 15h.<\/p>\n","protected":false},"excerpt":{"rendered":"<p>De mani\u00e8re g\u00e9n\u00e9rale, la caacQ et ses membres soutiennent les actions qui permettent de r\u00e9duire les abandons des animaux de compagnie, au premier rang desquelles se trouvent la st\u00e9rilisation et le micropu\u00e7age. Depuis 2008, la caacQ repr\u00e9sente ses membres aupr\u00e8s &hellip; <a href=\"https:\/\/www.caacq.ca\/index.php\/solutions\/\">Continue reading <span class=\"meta-nav\">&rarr;<\/span><\/a><\/p>\n","protected":false},"author":2,"featured_media":810,"parent":0,"menu_order":0,"comment_status":"closed","ping_status":"closed","template":"fr-page.php","meta":{"footnotes":""},"class_list":["post-2099","page","type-page","status-publish","has-post-thumbnail","hentry"],"aioseo_notices":[],"_links":{"self":[{"href":"https:\/\/www.caacq.ca\/index.php\/wp-json\/wp\/v2\/pages\/2099","targetHints":{"allow":["GET"]}}],"collection":[{"href":"https:\/\/www.caacq.ca\/index.php\/wp-json\/wp\/v2\/pages"}],"about":[{"href":"https:\/\/www.caacq.ca\/index.php\/wp-json\/wp\/v2\/types\/page"}],"author":[{"embeddable":true,"href":"https:\/\/www.caacq.ca\/index.php\/wp-json\/wp\/v2\/users\/2"}],"replies":[{"embeddable":true,"href":"https:\/\/www.caacq.ca\/index.php\/wp-json\/wp\/v2\/comments?post=2099"}],"version-history":[{"count":5,"href":"https:\/\/www.caacq.ca\/index.php\/wp-json\/wp\/v2\/pages\/2099\/revisions"}],"predecessor-version":[{"id":2194,"href":"https:\/\/www.caacq.ca\/index.php\/wp-json\/wp\/v2\/pages\/2099\/revisions\/2194"}],"wp:featuredmedia":[{"embeddable":true,"href":"https:\/\/www.caacq.ca\/index.php\/wp-json\/wp\/v2\/media\/810"}],"wp:attachment":[{"href":"https:\/\/www.caacq.ca\/index.php\/wp-json\/wp\/v2\/media?parent=2099"}],"curies":[{"name":"wp","href":"https:\/\/api.w.org\/{rel}","templated":true}]}}