{"id":2094,"date":"2020-04-13T14:45:06","date_gmt":"2020-04-13T18:45:06","guid":{"rendered":"https:\/\/www.caacq.ca\/?page_id=2094"},"modified":"2020-04-28T13:12:16","modified_gmt":"2020-04-28T17:12:16","slug":"situation","status":"publish","type":"page","link":"https:\/\/www.caacq.ca\/index.php\/situation\/","title":{"rendered":"Situation"},"content":{"rendered":"<p>Le bien-\u00eatre animal a beaucoup \u00e9volu\u00e9 dans notre province depuis les dix derni\u00e8res ann\u00e9es. La caacQ et ses membres sont fiers d\u2019avoir contribu\u00e9 \u00e0 ce mouvement. Si aujourd\u2019hui, l\u2019animal de compagnie est mieux prot\u00e9g\u00e9 par la loi, il y a encore beaucoup \u00e0 faire pour informer et responsabiliser les citoyens. C\u2019est pourquoi la caacQ a choisi de travailler main dans la main avec les municipalit\u00e9s et les MRC.<\/p>\n<p>Les autorit\u00e9s ont maintenant \u00e0 leur disposition des lois et des r\u00e8glements clairs et incitatifs. Oui, il manque encore de personnel pour les faire appliquer mais, au moins, les textes sont l\u00e0. La caacQ entend continuer ses actions pour donner acc\u00e8s \u00e0 des moyens logistiques qui permettent aux municipalit\u00e9s et aux MRC de venir en aide aux plus d\u00e9munis. L\u2019Ordre des m\u00e9decins v\u00e9t\u00e9rinaires du Qu\u00e9bec pr\u00e9voit dans ses r\u00e8glements des actions sp\u00e9cifiques pour ces populations, depuis 2011, la caacQ et ses membres en assurent, au mieux de le leurs possibilit\u00e9s, la mise en place en r\u00e9gion.<\/p>\n<p>Il y a encore des chantiers en cours. L\u2019existence des usines \u00e0 chiots (ou des \u00e9levages \u201cde fond de cour\u201d) restent un point sombre de notre province. L\u2019absence d\u2019une base de donn\u00e9es centrale pour les micropuces est pr\u00e9occupante. Les disparit\u00e9s entre les r\u00e8glements municipaux sont troublantes, alors que les lois et r\u00e8glements provinciaux sont maintenant clairs et pr\u00e9cis. Le manque de dynamisme des diverses entit\u00e9s responsables de l\u2019acc\u00e8s \u00e0 des soins v\u00e9t\u00e9rinaires de base pour les familles \u00e0 faible revenu pose question.<\/p>\n<p>Et enfin, l\u2019acc\u00e8s universel \u00e0 moindre co\u00fbt au micropu\u00e7age semblerait la meilleure mani\u00e8re d\u2019avoir rapidement un \u00e9tat des lieux pr\u00e9cis de la population canine et f\u00e9line de la province. Pourquoi ne pas l\u2019imposer ? Imm\u00e9diatement. Le MAPAQ (minist\u00e8re de r\u00e9f\u00e9rence en mati\u00e8re de bien-\u00eatre animal) en a les moyens. Pourquoi n\u2019agit-il pas ? Si ce n\u2019est lui, l\u2019UMQ et la FQM, les deux associations qui regroupent les municipalit\u00e9s du Qu\u00e9bec pourraient demander \u00e0 leurs membres d\u2019imiter les villes de Montr\u00e9al et Laval qui depuis le 1er janvier 2020 imposent le micropu\u00e7age (en prenant soin, au pr\u00e9alable, de n\u00e9gocier un prix sp\u00e9cial avec l\u2019Ordre ou l\u2019Association des m\u00e9decins v\u00e9t\u00e9rinaires du Qu\u00e9bec\u2026 ou avec un fabricant \/ distributeur de micropuces).<\/p>\n<p>Vous pouvez nous aider<\/p>\n<ul>\n<li>En faisant conna\u00eetre nos membres, en les aidant par vos contributions, vos dons ou en devenant b\u00e9n\u00e9voles.\n<li>En nous faisant conna\u00eetre aupr\u00e8s de vos \u00e9lus afin que nous les aidions \u00e0 mettre en place des programmes sp\u00e9cifiques (CSRM, Familles \u00e0 faible revenus, cliniques de micropu\u00e7age, journ\u00e9es d\u2019adoption, etc).\n<\/li>\n<\/ul>\n<p><a href=\"https:\/\/d3n8a8pro7vhmx.cloudfront.net\/cfhs\/pages\/1782\/attachments\/original\/1524169611\/Cats_In_Canada_2017-FINAL-FR-LRs.pdf?1524169611\" rel=\"noopener noreferrer\" target=\"_blank\">PDF \u00e0 t\u00e9l\u00e9charger : La situation des chats au Canada<\/a><br \/>\nCe rapport vous aidera \u00e0 expliquer \u00e0 vos \u00e9lus qu\u2019ils ne sont pas les seuls \u00e0 avoir des probl\u00e8mes avec les chats communautaires et qu\u2019il existe des solutions.<\/p>\n<p>Lien utile : Pour en savoir plus sur les usines \u00e0 chiots : <a href=\"http:\/\/acracq.com\/\" rel=\"noopener noreferrer\" target=\"_blank\">http:\/\/acracq.com\/<\/a><\/p>\n","protected":false},"excerpt":{"rendered":"<p>Le bien-\u00eatre animal a beaucoup \u00e9volu\u00e9 dans notre province depuis les dix derni\u00e8res ann\u00e9es. La caacQ et ses membres sont fiers d\u2019avoir contribu\u00e9 \u00e0 ce mouvement. Si aujourd\u2019hui, l\u2019animal de compagnie est mieux prot\u00e9g\u00e9 par la loi, il y a &hellip; <a href=\"https:\/\/www.caacq.ca\/index.php\/situation\/\">Continue reading <span class=\"meta-nav\">&rarr;<\/span><\/a><\/p>\n","protected":false},"author":2,"featured_media":819,"parent":0,"menu_order":0,"comment_status":"closed","ping_status":"closed","template":"fr-page.php","meta":{"footnotes":""},"class_list":["post-2094","page","type-page","status-publish","has-post-thumbnail","hentry"],"aioseo_notices":[],"_links":{"self":[{"href":"https:\/\/www.caacq.ca\/index.php\/wp-json\/wp\/v2\/pages\/2094","targetHints":{"allow":["GET"]}}],"collection":[{"href":"https:\/\/www.caacq.ca\/index.php\/wp-json\/wp\/v2\/pages"}],"about":[{"href":"https:\/\/www.caacq.ca\/index.php\/wp-json\/wp\/v2\/types\/page"}],"author":[{"embeddable":true,"href":"https:\/\/www.caacq.ca\/index.php\/wp-json\/wp\/v2\/users\/2"}],"replies":[{"embeddable":true,"href":"https:\/\/www.caacq.ca\/index.php\/wp-json\/wp\/v2\/comments?post=2094"}],"version-history":[{"count":2,"href":"https:\/\/www.caacq.ca\/index.php\/wp-json\/wp\/v2\/pages\/2094\/revisions"}],"predecessor-version":[{"id":2096,"href":"https:\/\/www.caacq.ca\/index.php\/wp-json\/wp\/v2\/pages\/2094\/revisions\/2096"}],"wp:featuredmedia":[{"embeddable":true,"href":"https:\/\/www.caacq.ca\/index.php\/wp-json\/wp\/v2\/media\/819"}],"wp:attachment":[{"href":"https:\/\/www.caacq.ca\/index.php\/wp-json\/wp\/v2\/media?parent=2094"}],"curies":[{"name":"wp","href":"https:\/\/api.w.org\/{rel}","templated":true}]}}