{"id":1804,"date":"2014-12-22T12:30:06","date_gmt":"2014-12-22T17:30:06","guid":{"rendered":"https:\/\/www.caacq.ca\/?page_id=1804"},"modified":"2014-12-22T12:46:35","modified_gmt":"2014-12-22T17:46:35","slug":"nous-joindre-merci","status":"publish","type":"page","link":"https:\/\/www.caacq.ca\/index.php\/nous-joindre\/nous-joindre-merci\/","title":{"rendered":"Nous Joindre Merci"},"content":{"rendered":"<p>Merci de votre int\u00e9r\u00eat envers Centres d\u2019adoption d\u2019animaux de compagnie du Qu\u00e9bec (caacQ). Votre demande a \u00e9t\u00e9 envoy\u00e9e. Nous vous contacterons d\u00e8s que possible.<\/p>\n","protected":false},"excerpt":{"rendered":"<p>Merci de votre int\u00e9r\u00eat envers Centres d\u2019adoption d\u2019animaux de compagnie du Qu\u00e9bec (caacQ). Votre demande a \u00e9t\u00e9 envoy\u00e9e. Nous vous contacterons d\u00e8s que possible.<\/p>\n","protected":false},"author":2,"featured_media":0,"parent":731,"menu_order":0,"comment_status":"closed","ping_status":"closed","template":"fr-page.php","meta":{"footnotes":""},"class_list":["post-1804","page","type-page","status-publish","hentry"],"aioseo_notices":[],"_links":{"self":[{"href":"https:\/\/www.caacq.ca\/index.php\/wp-json\/wp\/v2\/pages\/1804","targetHints":{"allow":["GET"]}}],"collection":[{"href":"https:\/\/www.caacq.ca\/index.php\/wp-json\/wp\/v2\/pages"}],"about":[{"href":"https:\/\/www.caacq.ca\/index.php\/wp-json\/wp\/v2\/types\/page"}],"author":[{"embeddable":true,"href":"https:\/\/www.caacq.ca\/index.php\/wp-json\/wp\/v2\/users\/2"}],"replies":[{"embeddable":true,"href":"https:\/\/www.caacq.ca\/index.php\/wp-json\/wp\/v2\/comments?post=1804"}],"version-history":[{"count":4,"href":"https:\/\/www.caacq.ca\/index.php\/wp-json\/wp\/v2\/pages\/1804\/revisions"}],"predecessor-version":[{"id":1814,"href":"https:\/\/www.caacq.ca\/index.php\/wp-json\/wp\/v2\/pages\/1804\/revisions\/1814"}],"up":[{"embeddable":true,"href":"https:\/\/www.caacq.ca\/index.php\/wp-json\/wp\/v2\/pages\/731"}],"wp:attachment":[{"href":"https:\/\/www.caacq.ca\/index.php\/wp-json\/wp\/v2\/media?parent=1804"}],"curies":[{"name":"wp","href":"https:\/\/api.w.org\/{rel}","templated":true}]}}