{"id":1234,"date":"2011-05-04T10:26:52","date_gmt":"2011-05-04T15:26:52","guid":{"rendered":"https:\/\/www.caacq.ca\/?page_id=1234"},"modified":"2016-02-05T12:55:52","modified_gmt":"2016-02-05T17:55:52","slug":"press-release","status":"publish","type":"page","link":"https:\/\/www.caacq.ca\/index.php\/new-events\/press-release\/","title":{"rendered":"Press Release"},"content":{"rendered":"<h1 style=\"color: #9e1d21; padding-bottom: 10px; font-size: 18px;\">Click on a link to read the Press Release<\/h1>\n<div style=\"margin-bottom: 25px;\">\n<p><img decoding=\"async\" style=\"float: left; margin-bottom: 20px; margin-right: 10px; padding: 2px; border: 1px solid #999999;\" src=\"\/wp-content\/uploads\/2016\/02\/cat-door.jpg\" alt=\"caacq\" \/><\/p>\n<p><strong><a href=\"\/wp-content\/uploads\/2016\/02\/Dr-SENAY.pdf\">OMVQ ; targeted sterilization protects public, not vets<\/a><\/strong><\/p>\n<p>Wednesday march 19<sup>th<\/sup> 2014<\/p>\n<p>I am writing in response to the article from Stephanie Azran and the comments from Dr.Senay<\/p>\n<p>The caacQ position for reducing the pet overpopulation is spay and neuter must be accessible.\u00a0\u00a0 No restrictions that would prevent anyone who is the guardian of a cat or dog to have it sterilized this is the key element in regards to the solution to pet overpopulation in Qu\u00e9bec. In its latest report the CFHS recommends that no restricted access should be imposed.<\/p>\n<p><a href=\"\/wp-content\/uploads\/2016\/02\/Dr-SENAY.pdf\">Cliquez ici pour lire le communiqu\u00e9 de presse<\/a><\/p>\n<\/div>\n<div style=\"clear: both;\"><\/div>\n<div style=\"margin-bottom: 25px;\">\n<p><strong><a href=\"https:\/\/www.caacq.ca\/wp-content\/uploads\/2016\/02\/CHRONICLE_SEPT_WEST-ISLAND-SAFE-HAVEN-FOR-ABUSERS.pdf\">Open letter to elected officials of the West Island<\/a><\/strong><\/p>\n<p>The 28<sup>th<\/sup> of April 2014 &#8220;Dear Editor I am responding to the article written by Mr. Anthony Abbondanza whose article showcased the indifference of some elected officials in regards to animal welfare by-laws.&#8221;<br \/>\n<a href=\"https:\/\/www.caacq.ca\/wp-content\/uploads\/2016\/02\/CHRONICLE_SEPT_WEST-ISLAND-SAFE-HAVEN-FOR-ABUSERS.pdf\">Click here to read the press release<\/a><\/p>\n<\/div>\n<div style=\"clear: both;\"><\/div>\n<div style=\"margin-bottom: 25px;\">\n<p><img decoding=\"async\" style=\"float: left; margin-bottom: 20px; margin-right: 10px; padding: 2px; border: 1px solid #999999;\" src=\"\/wp-content\/uploads\/2013\/02\/Pilots-N-Paws.jpg\" alt=\"caacq\" \/><strong><a href=\"\/wp-content\/uploads\/pdfs\/Pilots-N-Paws.pdf\" target=\"_blank\">The French Connection has wings!<\/a><\/strong><\/p>\n<p>March 1st, 2013 Since 2008 the Companion Animal Adoption Centres of Quebec (caacQ) has transferred homeless abandoned dogs to our partners in Toronto.<\/p>\n<p><a href=\"\/wp-content\/uploads\/pdfs\/Pilots-N-Paws.pdf\" target=\"_blank\">Click here to read the press release<\/a><\/p>\n<\/div>\n<div style=\"clear: both;\"><\/div>\n<div style=\"margin-bottom: 25px;\">\n<p><img decoding=\"async\" style=\"float: left; margin-bottom: 20px; margin-right: 10px; padding: 2px; border: 1px solid #999999;\" src=\"\/wp-content\/uploads\/2011\/05\/chien-20.jpg\" alt=\"caacq\" \/><strong><a href=\"\/wp-content\/uploads\/pdfs\/caacq-communique-avril-2011.pdf\" target=\"_blank\">Regroupement pour la Protection des Animaux du Qu\u00e9bec<\/a><\/strong><\/p>\n<p>May 11, 2011Regroupement Pour La Protection des animaux du Quebec (R-PAQ) Calls for Immediate Action Against For-Profit Pounds in Montreal<br \/>\n<a href=\"\/wp-content\/uploads\/pdfs\/caacq-communique-avril-2011.pdf\" target=\"_blank\"><br \/>\nClick here to read the press release<\/a><\/p>\n<\/div>\n<div style=\"clear: both;\"><\/div>\n<div style=\"margin-bottom: 25px;\">\n<p><img decoding=\"async\" style=\"float: left; margin-bottom: 20px; margin-right: 10px; padding: 2px; border: 1px solid #999999;\" src=\"\/wp-content\/uploads\/2011\/04\/chien11.jpg\" alt=\"caacq\" \/><strong><a href=\"\/wp-content\/uploads\/pdfs\/berger-blanc-avril-1011.pdf\" target=\"_blank\">Le temps est venu de proc\u00e9der \u00e0 la mise \u00e0 mort des fourri\u00e8res du Qu\u00e9bec<\/a><\/strong><\/p>\n<p>Le 21 avril, 2011Le syst\u00e8me de fourri\u00e8res qui est en place depuis trop longtemps au Qu\u00e9bec est d\u00e9ficient \u00e0 tous les niveaux : manque de transparence, aucunes statistiques, tr\u00e8s faible taux de retour des animaux perdus \u00e0 leur propri\u00e9taire, aucune publication des animaux r\u00e9cup\u00e9r\u00e9s sur le site Web des fourri\u00e8res, aucune st\u00e9rilisation des animaux vendus, patrouilleurs non comp\u00e9tents, etc.<br \/>\n<a href=\"\/wp-content\/uploads\/pdfs\/berger-blanc-avril-1011.pdf\" target=\"_blank\"><br \/>\nCliquez ici pour lire le communiqu\u00e9 de presse<\/a><\/p>\n<\/div>\n<div style=\"clear: both;\"><\/div>\n<div style=\"margin-bottom: 25px;\">\n<p><img decoding=\"async\" style=\"float: left; margin-bottom: 20px; margin-right: 10px; padding: 2px; border: 1px solid #999999;\" src=\"\/wp-content\/uploads\/2011\/04\/chien10.jpg\" alt=\"caacq\" \/><strong><a href=\"\/wp-content\/uploads\/pdfs\/courrier-du-dud-replique-mme-ross.pdf\" target=\"_blank\">En r\u00e9ponse \u00e0 la lettre d\u2019opinion de Mme Doria Ross, \u00ab L\u2019euthanasie des animaux \u00bb publi\u00e9e le 14 avril 2011<\/a><\/strong><\/p>\n<p>Avril 2011Je voudrais faire le point sur les propos de Mme Ross. La gestion des chats et chiens abandonn\u00e9s, errants ou perdus est une probl\u00e9matique communautaire, et non la seule responsabilit\u00e9 des villes.<br \/>\n<a href=\"\/wp-content\/uploads\/pdfs\/courrier-du-dud-replique-mme-ross.pdf\" target=\"_blank\"><br \/>\nCliquez ici pour lire le communiqu\u00e9 de presse<\/a><\/p>\n<\/div>\n<div style=\"clear: both;\"><\/div>\n<div style=\"margin-bottom: 25px;\">\n<p><img decoding=\"async\" style=\"float: left; margin-bottom: 20px; margin-right: 10px; padding: 2px; border: 1px solid #999999;\" src=\"\/wp-content\/uploads\/2011\/04\/chien13-dane-judy.jpg\" alt=\"caacq\" \/><strong><a href=\"\/wp-content\/uploads\/pdfs\/press-release-dane-judy-april07.pdf\" target=\"_blank\">635 chiens qu\u00e9b\u00e9cois export\u00e9s \u00e0 Toronto<\/a><\/strong><\/p>\n<p>Le 7 avril, 2011Depuis 2008, 635 chiens abandonn\u00e9s du Qu\u00e9bec ont trouv\u00e9 un foyer \u00e0 Toronto gr\u00e2ce \u00e0 l\u2019initiative des caacQ et de la French Connection.<br \/>\n<a href=\"\/wp-content\/uploads\/pdfs\/press-release-dane-judy-april07.pdf\" target=\"_blank\"><br \/>\nCliquez ici pour lire le communiqu\u00e9 de presse<\/a><\/p>\n<\/div>\n<div style=\"clear: both;\"><\/div>\n<div style=\"margin-bottom: 25px;\">\n<p><img decoding=\"async\" style=\"float: left; margin-bottom: 20px; margin-right: 10px; padding: 2px; border: 1px solid #999999;\" src=\"\/wp-content\/uploads\/2011\/04\/chien12.jpg\" alt=\"caacq\" \/><strong><a href=\"\/wp-content\/uploads\/pdfs\/press-release-cesar-millan.pdf\" target=\"_blank\">Respectez l\u2019int\u00e9grit\u00e9 de votre chien<\/a><\/strong><\/p>\n<p>Mars 2011L&#8217;association des Centres d&#8217;adoption des animaux de compagnie du Qu\u00e9bec (caacQ), heureuse des d\u00e9bats suscit\u00e9s par la venue prochaine de monsieur C\u00e9sar Millan, d\u00e9sire rappeler a la population qu\u00e9b\u00e9coise que certaines pratiques v\u00e9t\u00e9rinaires sont destin\u00e9es \u00e0 modifier l&#8217;apparence d&#8217;un animal.<br \/>\n<a href=\"\/wp-content\/uploads\/pdfs\/press-release-cesar-millan.pdf\" target=\"_blank\"><br \/>\nCliquez ici pour lire le communiqu\u00e9 de presse<\/a><\/p>\n<\/div>\n","protected":false},"excerpt":{"rendered":"<p>Click on a link to read the Press Release OMVQ ; targeted sterilization protects public, not vets Wednesday march 19th 2014 I am writing in response to the article from Stephanie Azran and the comments from Dr.Senay The caacQ position &hellip; <a href=\"https:\/\/www.caacq.ca\/index.php\/new-events\/press-release\/\">Continue reading <span class=\"meta-nav\">&rarr;<\/span><\/a><\/p>\n","protected":false},"author":2,"featured_media":654,"parent":21,"menu_order":0,"comment_status":"closed","ping_status":"closed","template":"","meta":{"footnotes":""},"class_list":["post-1234","page","type-page","status-publish","has-post-thumbnail","hentry"],"aioseo_notices":[],"_links":{"self":[{"href":"https:\/\/www.caacq.ca\/index.php\/wp-json\/wp\/v2\/pages\/1234","targetHints":{"allow":["GET"]}}],"collection":[{"href":"https:\/\/www.caacq.ca\/index.php\/wp-json\/wp\/v2\/pages"}],"about":[{"href":"https:\/\/www.caacq.ca\/index.php\/wp-json\/wp\/v2\/types\/page"}],"author":[{"embeddable":true,"href":"https:\/\/www.caacq.ca\/index.php\/wp-json\/wp\/v2\/users\/2"}],"replies":[{"embeddable":true,"href":"https:\/\/www.caacq.ca\/index.php\/wp-json\/wp\/v2\/comments?post=1234"}],"version-history":[{"count":10,"href":"https:\/\/www.caacq.ca\/index.php\/wp-json\/wp\/v2\/pages\/1234\/revisions"}],"predecessor-version":[{"id":1868,"href":"https:\/\/www.caacq.ca\/index.php\/wp-json\/wp\/v2\/pages\/1234\/revisions\/1868"}],"up":[{"embeddable":true,"href":"https:\/\/www.caacq.ca\/index.php\/wp-json\/wp\/v2\/pages\/21"}],"wp:featuredmedia":[{"embeddable":true,"href":"https:\/\/www.caacq.ca\/index.php\/wp-json\/wp\/v2\/media\/654"}],"wp:attachment":[{"href":"https:\/\/www.caacq.ca\/index.php\/wp-json\/wp\/v2\/media?parent=1234"}],"curies":[{"name":"wp","href":"https:\/\/api.w.org\/{rel}","templated":true}]}}